{"id":10859,"date":"2021-11-19T17:32:51","date_gmt":"2021-11-19T16:32:51","guid":{"rendered":"https:\/\/www.brown-emu-549064.hostingersite.com\/?post_type=product&#038;p=10859"},"modified":"2026-04-25T19:43:57","modified_gmt":"2026-04-25T17:43:57","slug":"leica-ml04","status":"publish","type":"product","link":"https:\/\/otticadamore.it\/en\/occhiali\/leica-ml04\/","title":{"rendered":"Leica ML04"},"content":{"rendered":"<p>Mykita Leica ML04 \u00e8 un occhiale della collezione <b><i>Leica\u00a0<\/i><\/b>ed \u00e8 realizzato a mano in Germania in acciaio armonico.<\/p>\n<p><strong>MYKITA | LEICA<\/strong> : una collaborazione che nasce per raggiungere il pi\u00f9 alto livello di qualit\u00e0 mai visto nel mondo dell&#8217;eyewear. L&#8217;indiscussa qualit\u00e0 e tecnologia di Mykita mixata all&#8217;esperienza in campo ottico di Leica che ha sviluppato delle lenti di origine organica in indice 1.6, lavorate con le stesse metodologie che vengono riservate alle lenti graduate. Le lenti Leica inoltre hanno l&#8217;esclusivo brevetto AquaDura\u00ae Vision Pro, un trattamento che nasce dal mondo della fotografia professionale che permette di avere un antiriflesso acromatico al fine di eliminare fastidiosi riflessi inestetici. Tutte le lenti assicurano una completa protezione dai raggi UV.<\/p>\n<p>Ogni occhiale \u00e8 accompagnato da un certificato di garanzia che ne attesta l&#8217;unicit\u00e0.<\/p>\n<p>Lenti organiche Leica.<\/p>\n<p>2 colors available.<\/p>\n<p>Disponibile in misura unica: 50 &#8211; 19 &#8211; 140.<\/p>\n<p>L&#8217;occhiale \u00e8 fornito di scatola, custodia e panno per la pulizia.<\/p>","protected":false},"excerpt":{"rendered":"<p>Mykita Leica ML04 \u00e8 un occhiale della collezione Leica\u00a0ed \u00e8 realizzato a mano in Germania in acciaio armonico. MYKITA | LEICA : una collaborazione che nasce per raggiungere il pi\u00f9 alto livello di qualit\u00e0 mai visto nel mondo dell&#8217;eyewear. L&#8217;indiscussa qualit\u00e0 e tecnologia di Mykita mixata all&#8217;esperienza in campo ottico di Leica che ha sviluppato [&hellip;]<\/p>","protected":false},"featured_media":10860,"template":"","meta":{"site-sidebar-layout":"default","site-content-layout":"","ast-site-content-layout":"default","site-content-style":"default","site-sidebar-style":"default","ast-global-header-display":"","ast-banner-title-visibility":"","ast-main-header-display":"","ast-hfb-above-header-display":"","ast-hfb-below-header-display":"","ast-hfb-mobile-header-display":"","site-post-title":"","ast-breadcrumbs-content":"","ast-featured-img":"","footer-sml-layout":"","theme-transparent-header-meta":"default","adv-header-id-meta":"","stick-header-meta":"default","header-above-stick-meta":"","header-main-stick-meta":"","header-below-stick-meta":"","astra-migrate-meta-layouts":"set","ast-page-background-enabled":"default","ast-page-background-meta":{"desktop":{"background-color":"var(--ast-global-color-4)","background-image":"","background-repeat":"repeat","background-position":"center center","background-size":"auto","background-attachment":"scroll","background-type":"","background-media":"","overlay-type":"","overlay-color":"","overlay-opacity":"","overlay-gradient":""},"tablet":{"background-color":"","background-image":"","background-repeat":"repeat","background-position":"center center","background-size":"auto","background-attachment":"scroll","background-type":"","background-media":"","overlay-type":"","overlay-color":"","overlay-opacity":"","overlay-gradient":""},"mobile":{"background-color":"","background-image":"","background-repeat":"repeat","background-position":"center center","background-size":"auto","background-attachment":"scroll","background-type":"","background-media":"","overlay-type":"","overlay-color":"","overlay-opacity":"","overlay-gradient":""}},"ast-content-background-meta":{"desktop":{"background-color":"var(--ast-global-color-5)","background-image":"","background-repeat":"repeat","background-position":"center center","background-size":"auto","background-attachment":"scroll","background-type":"","background-media":"","overlay-type":"","overlay-color":"","overlay-opacity":"","overlay-gradient":""},"tablet":{"background-color":"var(--ast-global-color-5)","background-image":"","background-repeat":"repeat","background-position":"center center","background-size":"auto","background-attachment":"scroll","background-type":"","background-media":"","overlay-type":"","overlay-color":"","overlay-opacity":"","overlay-gradient":""},"mobile":{"background-color":"var(--ast-global-color-5)","background-image":"","background-repeat":"repeat","background-position":"center center","background-size":"auto","background-attachment":"scroll","background-type":"","background-media":"","overlay-type":"","overlay-color":"","overlay-opacity":"","overlay-gradient":""}}},"product_brand":[1098],"product_cat":[622,621],"product_tag":[],"class_list":{"0":"post-10859","1":"product","2":"type-product","3":"status-publish","4":"has-post-thumbnail","6":"product_brand-mykita","7":"product_cat-donna-da-sole","8":"product_cat-uomo-da-sole","9":"pa_asta-560","10":"pa_calibro-553","11":"pa_colore-lenti-marrone","12":"pa_colore-lenti-verde","13":"pa_colore-montatura-argento-matt","14":"pa_colore-montatura-canna-di-fucile","15":"pa_materiale-lenti-organiche","16":"pa_materiale-lenti-organiche-polarizzate","17":"pa_materiale-montatura-acciaio-armonico","18":"pa_ponte-665","19":"pa_produttore-mykita","20":"desktop-align-left","21":"tablet-align-left","22":"mobile-align-left","23":"ast-product-gallery-layout-vertical","24":"ast-magnify-disabled","25":"ast-product-tabs-layout-accordion","26":"ast-qv-on-image","28":"first","29":"outofstock","30":"sold-individually","31":"shipping-taxable","32":"purchasable","33":"product-type-simple"},"_links":{"self":[{"href":"https:\/\/otticadamore.it\/en\/wp-json\/wp\/v2\/product\/10859","targetHints":{"allow":["GET"]}}],"collection":[{"href":"https:\/\/otticadamore.it\/en\/wp-json\/wp\/v2\/product"}],"about":[{"href":"https:\/\/otticadamore.it\/en\/wp-json\/wp\/v2\/types\/product"}],"version-history":[{"count":1,"href":"https:\/\/otticadamore.it\/en\/wp-json\/wp\/v2\/product\/10859\/revisions"}],"predecessor-version":[{"id":19016,"href":"https:\/\/otticadamore.it\/en\/wp-json\/wp\/v2\/product\/10859\/revisions\/19016"}],"wp:featuredmedia":[{"embeddable":true,"href":"https:\/\/otticadamore.it\/en\/wp-json\/wp\/v2\/media\/10860"}],"wp:attachment":[{"href":"https:\/\/otticadamore.it\/en\/wp-json\/wp\/v2\/media?parent=10859"}],"wp:term":[{"taxonomy":"product_brand","embeddable":true,"href":"https:\/\/otticadamore.it\/en\/wp-json\/wp\/v2\/product_brand?post=10859"},{"taxonomy":"product_cat","embeddable":true,"href":"https:\/\/otticadamore.it\/en\/wp-json\/wp\/v2\/product_cat?post=10859"},{"taxonomy":"product_tag","embeddable":true,"href":"https:\/\/otticadamore.it\/en\/wp-json\/wp\/v2\/product_tag?post=10859"}],"curies":[{"name":"wp","href":"https:\/\/api.w.org\/{rel}","templated":true}]}}