{"id":10438,"date":"2021-07-05T16:59:16","date_gmt":"2021-07-05T14:59:16","guid":{"rendered":"https:\/\/www.brown-emu-549064.hostingersite.com\/?post_type=product&#038;p=10438"},"modified":"2026-01-23T20:02:18","modified_gmt":"2026-01-23T19:02:18","slug":"l-g-r-chain-2","status":"publish","type":"product","link":"https:\/\/otticadamore.it\/en\/occhiali\/l-g-r-chain-2\/","title":{"rendered":"L.G.R Chain"},"content":{"rendered":"<p>L.G.R Chain \u00e8 una catena porta-occhiali realizzata con perline. La catenina \u00e8 interamente realizzata a mano da donne Maasai a Maai Mahiu, in Kenya. Questo progetto \u00e8 sostenuto da Ubuntu Foundation, un&#8217;impresa sociale che promuove l&#8217;empowerment di madri emarginate che hanno figli con bisogni speciali. Per la realizzazione di ogni catenina vengono impiegate fino a diverse ore.<\/p>\n<p>Disponibile in 3 colorazioni.<\/p>\n<p>Occhiello di fissaggio regolabile in silicone.<\/p>\n<p>Lunghezza catena: 70cm.<\/p>","protected":false},"excerpt":{"rendered":"<p>L.G.R Chain \u00e8 una catena porta-occhiali realizzata con perline. La catenina \u00e8 interamente realizzata a mano da donne Maasai a Maai Mahiu, in Kenya. Questo progetto \u00e8 sostenuto da Ubuntu Foundation, un&#8217;impresa sociale che promuove l&#8217;empowerment di madri emarginate che hanno figli con bisogni speciali. Per la realizzazione di ogni catenina vengono impiegate fino a [&hellip;]<\/p>","protected":false},"featured_media":10440,"template":"","meta":{"site-sidebar-layout":"default","site-content-layout":"","ast-site-content-layout":"default","site-content-style":"default","site-sidebar-style":"default","ast-global-header-display":"","ast-banner-title-visibility":"","ast-main-header-display":"","ast-hfb-above-header-display":"","ast-hfb-below-header-display":"","ast-hfb-mobile-header-display":"","site-post-title":"","ast-breadcrumbs-content":"","ast-featured-img":"","footer-sml-layout":"","theme-transparent-header-meta":"default","adv-header-id-meta":"","stick-header-meta":"default","header-above-stick-meta":"","header-main-stick-meta":"","header-below-stick-meta":"","astra-migrate-meta-layouts":"set","ast-page-background-enabled":"default","ast-page-background-meta":{"desktop":{"background-color":"var(--ast-global-color-4)","background-image":"","background-repeat":"repeat","background-position":"center center","background-size":"auto","background-attachment":"scroll","background-type":"","background-media":"","overlay-type":"","overlay-color":"","overlay-opacity":"","overlay-gradient":""},"tablet":{"background-color":"","background-image":"","background-repeat":"repeat","background-position":"center center","background-size":"auto","background-attachment":"scroll","background-type":"","background-media":"","overlay-type":"","overlay-color":"","overlay-opacity":"","overlay-gradient":""},"mobile":{"background-color":"","background-image":"","background-repeat":"repeat","background-position":"center center","background-size":"auto","background-attachment":"scroll","background-type":"","background-media":"","overlay-type":"","overlay-color":"","overlay-opacity":"","overlay-gradient":""}},"ast-content-background-meta":{"desktop":{"background-color":"var(--ast-global-color-5)","background-image":"","background-repeat":"repeat","background-position":"center center","background-size":"auto","background-attachment":"scroll","background-type":"","background-media":"","overlay-type":"","overlay-color":"","overlay-opacity":"","overlay-gradient":""},"tablet":{"background-color":"var(--ast-global-color-5)","background-image":"","background-repeat":"repeat","background-position":"center center","background-size":"auto","background-attachment":"scroll","background-type":"","background-media":"","overlay-type":"","overlay-color":"","overlay-opacity":"","overlay-gradient":""},"mobile":{"background-color":"var(--ast-global-color-5)","background-image":"","background-repeat":"repeat","background-position":"center center","background-size":"auto","background-attachment":"scroll","background-type":"","background-media":"","overlay-type":"","overlay-color":"","overlay-opacity":"","overlay-gradient":""}}},"product_brand":[1091],"product_cat":[547],"product_tag":[937],"class_list":{"0":"post-10438","1":"product","2":"type-product","3":"status-publish","4":"has-post-thumbnail","6":"product_brand-l-g-r","7":"product_cat-accessori","8":"product_tag-chain","9":"pa_colore-montatura-marrone","10":"pa_colore-montatura-rainbow","11":"pa_colore-montatura-verde","12":"pa_produttore-l-g-r","13":"desktop-align-left","14":"tablet-align-left","15":"mobile-align-left","16":"ast-product-gallery-layout-vertical","17":"ast-magnify-disabled","18":"ast-product-single-variable","19":"ast-product-tabs-layout-accordion","20":"ast-qv-on-image","22":"first","23":"instock","24":"shipping-taxable","25":"purchasable","26":"product-type-variable"},"_links":{"self":[{"href":"https:\/\/otticadamore.it\/en\/wp-json\/wp\/v2\/product\/10438","targetHints":{"allow":["GET"]}}],"collection":[{"href":"https:\/\/otticadamore.it\/en\/wp-json\/wp\/v2\/product"}],"about":[{"href":"https:\/\/otticadamore.it\/en\/wp-json\/wp\/v2\/types\/product"}],"version-history":[{"count":0,"href":"https:\/\/otticadamore.it\/en\/wp-json\/wp\/v2\/product\/10438\/revisions"}],"wp:featuredmedia":[{"embeddable":true,"href":"https:\/\/otticadamore.it\/en\/wp-json\/wp\/v2\/media\/10440"}],"wp:attachment":[{"href":"https:\/\/otticadamore.it\/en\/wp-json\/wp\/v2\/media?parent=10438"}],"wp:term":[{"taxonomy":"product_brand","embeddable":true,"href":"https:\/\/otticadamore.it\/en\/wp-json\/wp\/v2\/product_brand?post=10438"},{"taxonomy":"product_cat","embeddable":true,"href":"https:\/\/otticadamore.it\/en\/wp-json\/wp\/v2\/product_cat?post=10438"},{"taxonomy":"product_tag","embeddable":true,"href":"https:\/\/otticadamore.it\/en\/wp-json\/wp\/v2\/product_tag?post=10438"}],"curies":[{"name":"wp","href":"https:\/\/api.w.org\/{rel}","templated":true}]}}